{"id":7110,"date":"2018-07-23T15:16:54","date_gmt":"2018-07-23T15:16:54","guid":{"rendered":"http:\/\/www.escritoseditos.pt\/en\/?page_id=7110"},"modified":"2020-10-08T23:30:10","modified_gmt":"2020-10-08T23:30:10","slug":"privacy-statement","status":"publish","type":"page","link":"http:\/\/www.escritoseditos.pt\/en\/privacy-statement\/","title":{"rendered":"Privacy Statement"},"content":{"rendered":"<div class=\"wpb-content-wrapper\">[mk_page_section bg_image=&#8221;http:\/\/www.escritoseditos.pt\/wp-content\/uploads\/2018\/05\/slide_politicaprivacidade.jpg&#8221; attachment=&#8221;fixed&#8221; bg_position=&#8221;center center&#8221; bg_stretch=&#8221;true&#8221; enable_3d=&#8221;true&#8221; speed_factor=&#8221;0.5&#8243; video_color_mask=&#8221;#000000&#8243; video_opacity=&#8221;0.2&#8243; full_height=&#8221;true&#8221; padding_top=&#8221;0&#8243; padding_bottom=&#8221;0&#8243; sidebar=&#8221;sidebar-1&#8243; first_page=&#8221;false&#8221; last_page=&#8221;false&#8221;][vc_column][mk_fancy_title tag_name=&#8221;h3&#8243; color=&#8221;#ffffff&#8221; size=&#8221;64&#8243; font_weight=&#8221;900&#8243; txt_transform=&#8221;uppercase&#8221; margin_bottom=&#8221;0&#8243; font_family=&#8221;none&#8221; align=&#8221;center&#8221;]Privacy<br \/>\nStatement[\/mk_fancy_title][\/vc_column][\/mk_page_section][vc_row css=&#8221;.vc_custom_1527520224492{padding-top: 120px !important;padding-bottom: 70px !important;}&#8221;][vc_column width=&#8221;1\/6&#8243; css=&#8221;.vc_custom_1410360470569{padding-top: 120px !important;padding-bottom: 100px !important;}&#8221;][\/vc_column][vc_column width=&#8221;2\/3&#8243;][mk_fancy_title tag_name=&#8221;h3&#8243; color=&#8221;#222222&#8243; size=&#8221;28&#8243; font_weight=&#8221;900&#8243; txt_transform=&#8221;uppercase&#8221; margin_bottom=&#8221;0&#8243; font_family=&#8221;none&#8221; align=&#8221;center&#8221;]Privacy Statement[\/mk_fancy_title][mk_divider style=&#8221;thin_solid&#8221; divider_width=&#8221;custom_width&#8221; custom_width=&#8221;25&#8243; thin_single_color=&#8221;#f1c1b2&#8243; thickness=&#8221;4&#8243; margin_top=&#8221;30&#8243; margin_bottom=&#8221;40&#8243;][vc_column_text align=&#8221;center&#8221; css=&#8221;.vc_custom_1602195247562{margin-bottom: 0px !important;}&#8221;]\n<p style=\"text-align: left;\"><strong>Escritos e Ditos <\/strong>undertakes to comply with current legislation on personal data protection, in particular the General Data Protection Regulation (EU) 2016\/679. All employees of <strong>Escritos e Ditos<\/strong> involved in the management of the website and its data are therefore covered by a duty of secrecy and confidentiality.<br \/>\nIn this statement, we explain how we collect, use, share and protect your personal information, when you use our services and our website.<\/p>\n<p style=\"text-align: left;\"><strong>1. Customer, supplier and employee data<\/strong><br \/>\nVisitors to our website are not required to provide personal data. However, any person interested in our services can enter into contact with us using the contact forms provided, on which some personal data should be entered to establish communication with us.<br \/>\nWe collect, store and use these personal data in order to issue quotes and to provide the translation, editing or consultancy services that you may require or to comply with applicable legislation.<br \/>\nWe do not use and we will not use your personal data for marketing purposes.<\/p>\n<p style=\"text-align: left;\">CATEGORIES OF PERSONAL DATA<br \/>\nThe personal data collected may include your name, postal address, e-mail address, telephone number and ID or tax number, payment terms and delivery terms, as well as financial and bank information.<br \/>\nThe data in question will be kept for the entirety of our business relationship or for the time necessary to meet legal and tax obligations.<\/p>\n<p style=\"text-align: left;\">RETENTION OF PERSONAL DATA<br \/>\nData concerning quotes will be retained for a period of up to six months and may be retained for longer periods for statistical purposes. When the work is carried out, any personal details will be retained for five years to comply with applicable tax obligations.<\/p>\n<p style=\"text-align: left;\">ACCESS BY THIRD PARTIES<br \/>\nIf we subcontract a third party to provide translation, revision or editing work, your personal data will be eliminated from the document or the person will be asked to sign a confidentiality agreement. All our direct employees or subcontractors will be informed of their legal obligations concerning confidentiality and professional secrecy.<\/p>\n<p style=\"text-align: left;\"><strong>2. Your rights and obligations<\/strong><br \/>\nWe take every step necessary to guarantee the security, integrity and confidentiality of your personal data, under the terms of the European General Data Protection Regulation (EU) 2016\/679, with regard to the processing of personal information.<\/p>\n<p style=\"text-align: left;\">At any time, you may ask us for:<br \/>\n:: Access to information concerning you existing in our systems and\/or database;<br \/>\n:: Rectification of information if it is incorrect or incomplete;<br \/>\n:: Elimination of or limitation on the processing of your personal data;<br \/>\n:: Withdrawal of your consent (this action shall not affect the lawfulness of processing based on previously given consent).<\/p>\n<p style=\"text-align: left;\"><strong>3. Security measures<\/strong><br \/>\nWe take all technical and organisational measures necessary to comply with the Regulation, ensuring that the processing of your personal data is lawful, fair, transparent and limited to authorised purposes. We adopt the steps that we consider appropriate to ensure the accuracy, integrity and confidentiality of your personal data, as well as all your other rights.<\/p>\n<p style=\"text-align: left;\">:: UPDATES TO EQUIPMENT AND DEVICES | The equipment used to file and process personal data is updated as frequently as possible.<\/p>\n<p style=\"text-align: left;\">:: MALWARE | Anti-virus software is installed on the equipment used to store and process personal data, in order to prevent the theft or destruction of this information. This anti-virus software is regularly updated.<\/p>\n<p style=\"text-align: left;\">:: FIREWALL | All equipment used for the storage and processing of personal information is protected by a firewall, to prevent access by unauthorised third parties.<\/p>\n<p style=\"text-align: left;\">:: BACKUP | Personal data are frequently stored on devices intended to store information. The copy is stored in a secure location, separate from the computer that contains the original files, which means that the personal data can be recovered in the event of loss or damage. Since this backup is electronic, encryption is used to guarantee the confidentiality of the personal data in the event of illegal access by a third party.<\/p>\n<p style=\"text-align: left;\">:: TECHNICAL MEASURES | All the electronic systems used to store or process personal data are protected by a password.<\/p>\n<p style=\"text-align: left;\"><strong>4. Data violation <\/strong><br \/>\nIf there is violation of the security of personal data, due to theft or illegal access, for example, we will notify the National Data Protection Commission within 72 hours from that event. This will include all the information required to clarify the circumstances in which this breach occurred.<\/p>\n<p style=\"text-align: left;\">This Privacy Notice was updated on 24 May 2018 and will be updated as and when necessary. In case of discrepancies between the different language versions, the Portuguese version will prevail.<br \/>\nIf you have any question about the processing of your personal data, please do not hesitate to contact us:<\/p>\n<p style=\"text-align: left;\"><strong>Data controller:<\/strong><br \/>\nEscritos e Ditos, Servi\u00e7os de Tradu\u00e7\u00e3o Unipessoal Lda.<br \/>\nRua Duarte Barbosa, n\u00ba 364, R\/C-A<br \/>\n4150-282 Porto<br \/>\nE-mail: <a href=\"mailto:escritoseditos@escritoseditos.pt\">escritoseditos@escritoseditos.pt<\/a><\/p>\n[\/vc_column_text][\/vc_column][vc_column width=&#8221;1\/6&#8243;][\/vc_column][\/vc_row][vc_row][vc_column][vc_column_text][\/vc_column_text][\/vc_column][\/vc_row][vc_row fullwidth=&#8221;true&#8221; padding=&#8221;0&#8243;][vc_column][mk_button dimension=&#8221;flat&#8221; size=&#8221;xx-large&#8221; icon=&#8221;mk-moon-bubble-dots&#8221; url=&#8221;http:\/\/www.escritoseditos.pt\/contactos\/&#8221; fullwidth=&#8221;true&#8221; margin_bottom=&#8221;0&#8243; bg_color=&#8221;#f1c1b2&#8243; btn_hover_bg=&#8221;#131413&#8243; btn_hover_txt_color=&#8221;#ffffff&#8221;]WHEN IT COMES TO TRANSLATIONS, CONTACT US[\/mk_button][\/vc_column][\/vc_row]\n<\/div>","protected":false},"excerpt":{"rendered":"<p>[mk_page_section bg_image=&#8221;http:\/\/www.escritoseditos.pt\/wp-content\/uploads\/2018\/05\/slide_politicaprivacidade.jpg&#8221; attachment=&#8221;fixed&#8221; bg_position=&#8221;center center&#8221; bg_stretch=&#8221;true&#8221; enable_3d=&#8221;true&#8221; speed_factor=&#8221;0.5&#8243; video_color_mask=&#8221;#000000&#8243; video_opacity=&#8221;0.2&#8243; full_height=&#8221;true&#8221; padding_top=&#8221;0&#8243; padding_bottom=&#8221;0&#8243; sidebar=&#8221;sidebar-1&#8243; first_page=&#8221;false&#8221; last_page=&#8221;false&#8221;][vc_column][mk_fancy_title tag_name=&#8221;h3&#8243; color=&#8221;#ffffff&#8221; size=&#8221;64&#8243; font_weight=&#8221;900&#8243; txt_transform=&#8221;uppercase&#8221; margin_bottom=&#8221;0&#8243; font_family=&#8221;none&#8221; align=&#8221;center&#8221;]Privacy Statement[\/mk_fancy_title][\/vc_column][\/mk_page_section][vc_row css=&#8221;.vc_custom_1527520224492{padding-top: 120px !important;padding-bottom: 70px !important;}&#8221;][vc_column width=&#8221;1\/6&#8243; css=&#8221;.vc_custom_1410360470569{padding-top: 120px !important;padding-bottom: 100px !important;}&#8221;][\/vc_column][vc_column width=&#8221;2\/3&#8243;][mk_fancy_title tag_name=&#8221;h3&#8243; color=&#8221;#222222&#8243; size=&#8221;28&#8243; font_weight=&#8221;900&#8243; txt_transform=&#8221;uppercase&#8221; margin_bottom=&#8221;0&#8243; font_family=&#8221;none&#8221; align=&#8221;center&#8221;]Privacy Statement[\/mk_fancy_title][mk_divider style=&#8221;thin_solid&#8221; divider_width=&#8221;custom_width&#8221; custom_width=&#8221;25&#8243; thin_single_color=&#8221;#f1c1b2&#8243; thickness=&#8221;4&#8243; margin_top=&#8221;30&#8243; margin_bottom=&#8221;40&#8243;][vc_column_text align=&#8221;center&#8221; css=&#8221;.vc_custom_1602195247562{margin-bottom: [&hellip;]<\/p>\n","protected":false},"author":1,"featured_media":0,"parent":0,"menu_order":0,"comment_status":"closed","ping_status":"closed","template":"","meta":{"rs_blank_template":"","rs_page_bg_color":"","slide_template_v7":"","footnotes":""},"class_list":["post-7110","page","type-page","status-publish","hentry"],"_links":{"self":[{"href":"http:\/\/www.escritoseditos.pt\/en\/wp-json\/wp\/v2\/pages\/7110","targetHints":{"allow":["GET"]}}],"collection":[{"href":"http:\/\/www.escritoseditos.pt\/en\/wp-json\/wp\/v2\/pages"}],"about":[{"href":"http:\/\/www.escritoseditos.pt\/en\/wp-json\/wp\/v2\/types\/page"}],"author":[{"embeddable":true,"href":"http:\/\/www.escritoseditos.pt\/en\/wp-json\/wp\/v2\/users\/1"}],"replies":[{"embeddable":true,"href":"http:\/\/www.escritoseditos.pt\/en\/wp-json\/wp\/v2\/comments?post=7110"}],"version-history":[{"count":5,"href":"http:\/\/www.escritoseditos.pt\/en\/wp-json\/wp\/v2\/pages\/7110\/revisions"}],"predecessor-version":[{"id":7147,"href":"http:\/\/www.escritoseditos.pt\/en\/wp-json\/wp\/v2\/pages\/7110\/revisions\/7147"}],"wp:attachment":[{"href":"http:\/\/www.escritoseditos.pt\/en\/wp-json\/wp\/v2\/media?parent=7110"}],"curies":[{"name":"wp","href":"https:\/\/api.w.org\/{rel}","templated":true}]}}