{"id":7083,"date":"2018-07-23T16:05:31","date_gmt":"2018-07-23T16:05:31","guid":{"rendered":"http:\/\/www.escritoseditos.pt\/de\/?page_id=7083"},"modified":"2020-10-08T23:48:20","modified_gmt":"2020-10-08T23:48:20","slug":"datenschutzerklarung","status":"publish","type":"page","link":"http:\/\/www.escritoseditos.pt\/de\/datenschutzerklarung\/","title":{"rendered":"Datenschutzerkl\u00e4rung"},"content":{"rendered":"<div class=\"wpb-content-wrapper\">[mk_page_section bg_image=&#8221;http:\/\/www.escritoseditos.pt\/wp-content\/uploads\/2018\/05\/slide_politicaprivacidade.jpg&#8221; attachment=&#8221;fixed&#8221; bg_position=&#8221;center center&#8221; bg_stretch=&#8221;true&#8221; enable_3d=&#8221;true&#8221; speed_factor=&#8221;0.5&#8243; video_color_mask=&#8221;#000000&#8243; video_opacity=&#8221;0.2&#8243; full_height=&#8221;true&#8221; padding_top=&#8221;0&#8243; padding_bottom=&#8221;0&#8243; sidebar=&#8221;sidebar-1&#8243; first_page=&#8221;false&#8221; last_page=&#8221;false&#8221;][vc_column][mk_fancy_title tag_name=&#8221;h3&#8243; color=&#8221;#ffffff&#8221; size=&#8221;64&#8243; font_weight=&#8221;900&#8243; txt_transform=&#8221;uppercase&#8221; margin_bottom=&#8221;0&#8243; font_family=&#8221;none&#8221; align=&#8221;center&#8221;]Datenschutzerkl\u00e4rung[\/mk_fancy_title][\/vc_column][\/mk_page_section][vc_row css=&#8221;.vc_custom_1527520224492{padding-top: 120px !important;padding-bottom: 70px !important;}&#8221;][vc_column width=&#8221;1\/6&#8243; css=&#8221;.vc_custom_1410360470569{padding-top: 120px !important;padding-bottom: 100px !important;}&#8221;][\/vc_column][vc_column width=&#8221;2\/3&#8243;][mk_fancy_title tag_name=&#8221;h3&#8243; color=&#8221;#222222&#8243; size=&#8221;28&#8243; font_weight=&#8221;900&#8243; txt_transform=&#8221;uppercase&#8221; margin_bottom=&#8221;0&#8243; font_family=&#8221;none&#8221; align=&#8221;center&#8221;]Datenschutzerkl\u00e4rung[\/mk_fancy_title][mk_divider style=&#8221;thin_solid&#8221; divider_width=&#8221;custom_width&#8221; custom_width=&#8221;25&#8243; thin_single_color=&#8221;#f1c1b2&#8243; thickness=&#8221;4&#8243; margin_top=&#8221;30&#8243; margin_bottom=&#8221;40&#8243;][vc_column_text align=&#8221;center&#8221; css=&#8221;.vc_custom_1602196341056{margin-bottom: 0px !important;}&#8221;]\n<p style=\"text-align: left;\"><strong>Escritos e Ditos <\/strong>verpflichtet sich zur Einhaltung der jeweils geltenden Vorschriften f\u00fcr den Schutz personenbezogener Daten, namentlich der EU-Datenschutz-Grundverordnung 2016\/679. Die mit der Verwaltung der Webseite und Ihrer Daten beauftragten Mitarbeiter von <strong>Escritos e Ditos<\/strong> sind zu diesem Zweck an eine Schweige- und Geheimhaltungspflicht gebunden.<br \/>\nDiese Datenschutzerkl\u00e4rung soll die Nutzer unserer Dienste und unserer Webseite dar\u00fcber informieren, wie Ihre personenbezogenen Daten erhoben, verwendet, geteilt und gesch\u00fctzt werden.<\/p>\n<p style=\"text-align: left;\"><strong>1. Daten von Kunden, Lieferanten und Mitarbeitern<\/strong><br \/>\nBeim Besuch unserer Webseite m\u00fcssen Sie keine Angaben zu Ihrer Identit\u00e4t preisgeben.<br \/>\nFalls Sie jedoch an unseren Dienstleistungen interessiert sind, k\u00f6nnen Sie uns \u00fcber das vorhandene Kontaktformular erreichen, wobei wir im Hinblick auf die Herstellung von Kommunikation einige Pflichtangaben erheben.<br \/>\nDie Erhebung, Speicherung und Verwendung dieser personenbezogenen Daten erfolgt zur Erstellung von Kostenvoranschl\u00e4gen, Durchf\u00fchrung von angeforderten \u00dcbersetzungs-, Lektorats- und Sprachberatungsdiensten bzw. zur Erf\u00fcllung der jeweils geltenden gesetzlichen Verpflichtungen.<br \/>\nIhre Daten werden von uns nicht f\u00fcr Marketingzwecke genutzt.<\/p>\n<p style=\"text-align: left;\">KATEGORIEN PERSONENBEZOGENER DATEN<br \/>\nZu den erhobenen personenbezogenen Daten geh\u00f6ren der Name, die Postadresse, E-Mail-Adresse, Telefonnummer und Identifikations- oder Steuer-Nr., Zahlungs- und Lieferbedingungen sowie Finanz- und Bankinformationen.<br \/>\nDie betreffenden Daten werden f\u00fcr die Dauer der Gesch\u00e4ftsbeziehung oder den zur Erf\u00fcllung der gesetzlichen Verpflichtungen erforderlichen Zeitraum gespeichert.<\/p>\n<p style=\"text-align: left;\">AUFBEWAHRUNG PERSONENBEZOGENER DATEN<br \/>\nDie mit Kostenvoranschl\u00e4gen in Verbindung stehenden Daten werden bis zu sechs Monate aufbewahrt, oder f\u00fcr statistische Zwecke auch l\u00e4nger. Nach Erbringung der Dienstleistung werden die personenbezogenen Daten zur Erf\u00fcllung der Steuerpflichten \u00fcber einen f\u00fcnfj\u00e4hrigen Zeitraum aufbewahrt.<\/p>\n<p style=\"text-align: left;\">ZUGRIFF DURCH DRITTE<br \/>\nSollten wir \u00dcbersetzungs-, Lektorats- und Bearbeitungsdienste in Auftrag geben, so werden Ihre Daten aus den Schriftst\u00fccken gel\u00f6scht bzw. die Auftragsverarbeiter einer Vertraulichkeitsvereinbarung verpflichtet. Alle unsere angestellten und freien Mitarbeiter werden \u00fcber ihre gesetzlichen Verpflichtungen bez\u00fcglich der Vertraulichkeit und beruflichen Schweigepflicht unterrichtet.<\/p>\n<p style=\"text-align: left;\"><strong>2. Ihre Rechte und Pflichten<\/strong><br \/>\nWir haben alle n\u00f6tigen Vorkehrungen daf\u00fcr getroffen, dass die Sicherheit, Vollst\u00e4ndigkeit und Vertraulichkeit Ihrer personenbezogenen Daten gem\u00e4\u00df der EU-DATENSCHUTZ-GRUNDVERORDNUNG 2016\/679 gew\u00e4hrleistet ist.<\/p>\n<p style=\"text-align: left;\">Sie haben das Recht, von uns jederzeit:<br \/>\n:: den Zugang zu personenbezogenen Informationen in unseren Datenbanken bzw. -systemen zu verlangen;<br \/>\n:: die Berichtigung eventuell falscher oder unvollst\u00e4ndiger Informationen zu verlangen;<br \/>\n:: die L\u00f6schung oder Einschr\u00e4nkung der Verarbeitung Ihrer personenbezogenen Daten zu verlangen;<br \/>\n:: den Widerruf Ihrer Einwilligung zu verlangen (unbeschadet der Rechtm\u00e4\u00dfigkeit der aufgrund der Einwilligung bis zum Widerruf erfolgten Verarbeitung).<\/p>\n<p style=\"text-align: left;\"><strong>3. Sicherheitsma\u00dfnahmen<\/strong><br \/>\nWir haben alle f\u00fcr die Erf\u00fcllung der Verordnung erforderlichen technischen und organisatorischen Ma\u00dfnahmen getroffen, um sicherzustellen, dass die Verarbeitung Ihrer personenbezogenen Daten rechtm\u00e4\u00dfig, gewissenhaft, transparent und nur zu den genehmigten Zwecken erfolgt. Unsere Ma\u00dfnahmen sollen die Korrektheit, Vollst\u00e4ndigkeit und Vertraulichkeit Ihrer personenbezogenen Daten sowie der sonstigen Ihnen zustehenden Rechte gew\u00e4hrleisten.<\/p>\n<p style=\"text-align: left;\">:: UPDATES VON AUSR\u00dcSTUNGEN UND GER\u00c4TEN | Die f\u00fcr die Speicherung und Verarbeitung von personenbezogenen Daten benutzte Ausr\u00fcstung wird so oft wie m\u00f6glich mit Updates versorgt.<\/p>\n<p style=\"text-align: left;\">:: MALWARE | Auf der f\u00fcr die Speicherung und Verarbeitung von personenbezogenen Daten benutzten Ausr\u00fcstung ist eine Antivirus-Software installiert, um den Diebstahl oder die Zerst\u00f6rung dieser Informationen zu verhindern. Diese Antivirus-Software wird regelm\u00e4\u00dfig auf den neuesten Stand gebracht.<\/p>\n<p style=\"text-align: left;\">:: FIREWALL | Alle f\u00fcr die Speicherung und Verarbeitung von personenbezogenen Daten benutzten Ausr\u00fcstungen sind durch eine Firewall gesch\u00fctzt, die den Zugang durch unbefugte Dritte vermeidet.<\/p>\n<p style=\"text-align: left;\">:: BACKUP | Die personenbezogenen Daten werden h\u00e4ufig auf einem externen Backup-Medium gesichert. Das Backup wird \u2013 getrennt vom Computer, in dem die Originaldateien abgespeichert sind \u2013 an einem sicheren Ort aufbewahrt, damit die personenbezogenen Daten im Fall eines Verlusts oder Schadens wiederhergestellt werden k\u00f6nnen. Da dieses Backup elektronisch festgehalten wird, setzt man hinsichtlich der Vertraulichkeit der personenbezogenen Daten, im Fall eines Zugangs durch unbefugte Dritte, Verschl\u00fcsselung ein.<\/p>\n<p style=\"text-align: left;\">:: TECHNISCHE MASSNAHMEN | Alle f\u00fcr die Speicherung oder Verarbeitung von personenbezogenen Daten bestimmten elektronischen Systeme sind mit einem Passwort gesch\u00fctzt.<\/p>\n<p style=\"text-align: left;\"><strong>4. Datenschutzverletzung <\/strong><br \/>\nIm Fall von Verst\u00f6\u00dfen gegen die Datensicherheit, zum Beispiel durch Diebstahl oder rechtswidrigen Zugang, wird die nationale Kommission f\u00fcr den Datenschutz innerhalb von 72 Stunden nach Eintritt des Ereignisses benachrichtigt. Dabei werden alle erforderlichen Informationen geleistet, um die Umst\u00e4nde einer derartigen Verletzung zu kl\u00e4ren.<\/p>\n<p style=\"text-align: left;\">Diese Datenschutzerkl\u00e4rung wurde am 24. Mai 2018 \u00fcberarbeitet und wird nach Bedarf ge\u00e4ndert. Bei einem Widerspruch zwischen den Fassungen in den verschiedenen Sprachen ist die portugiesische Originalfassung ausschlaggebend.<br \/>\nZ\u00f6gern Sie nicht, Kontakt mit uns aufzunehmen, sollten Sie Fragen \u00fcber die Verarbeitung Ihrer personenbezogenen Daten haben:<\/p>\n<p style=\"text-align: left;\"><strong>Datenschutzverantwortlicher:<\/strong><br \/>\nEscritos e Ditos, Servi\u00e7os de Tradu\u00e7\u00e3o Unipessoal Lda.<br \/>\nRua Duarte Barbosa, n\u00ba 364, R\/C-A<br \/>\n4150-282 Porto<br \/>\nE-mail: <a href=\"mailto:escritoseditos@escritoseditos.pt\">escritoseditos@escritoseditos.pt<\/a><\/p>\n[\/vc_column_text][\/vc_column][vc_column width=&#8221;1\/6&#8243;][\/vc_column][\/vc_row][vc_row][vc_column][vc_column_text][\/vc_column_text][\/vc_column][\/vc_row][vc_row fullwidth=&#8221;true&#8221; padding=&#8221;0&#8243;][vc_column][mk_button dimension=&#8221;flat&#8221; size=&#8221;xx-large&#8221; icon=&#8221;mk-moon-bubble-dots&#8221; url=&#8221;http:\/\/www.escritoseditos.pt\/contactos\/&#8221; fullwidth=&#8221;true&#8221; margin_bottom=&#8221;0&#8243; bg_color=&#8221;#f1c1b2&#8243; btn_hover_bg=&#8221;#131413&#8243; btn_hover_txt_color=&#8221;#ffffff&#8221;]BEI BEDARF AN \u00dcBERSETZUNGEN, NEHMEN SIE BITTE KONTAKT MIT UNS AUF[\/mk_button][\/vc_column][\/vc_row]\n<\/div>","protected":false},"excerpt":{"rendered":"<p>[mk_page_section bg_image=&#8221;http:\/\/www.escritoseditos.pt\/wp-content\/uploads\/2018\/05\/slide_politicaprivacidade.jpg&#8221; attachment=&#8221;fixed&#8221; bg_position=&#8221;center center&#8221; bg_stretch=&#8221;true&#8221; enable_3d=&#8221;true&#8221; speed_factor=&#8221;0.5&#8243; video_color_mask=&#8221;#000000&#8243; video_opacity=&#8221;0.2&#8243; full_height=&#8221;true&#8221; padding_top=&#8221;0&#8243; padding_bottom=&#8221;0&#8243; sidebar=&#8221;sidebar-1&#8243; first_page=&#8221;false&#8221; last_page=&#8221;false&#8221;][vc_column][mk_fancy_title tag_name=&#8221;h3&#8243; color=&#8221;#ffffff&#8221; size=&#8221;64&#8243; font_weight=&#8221;900&#8243; txt_transform=&#8221;uppercase&#8221; margin_bottom=&#8221;0&#8243; font_family=&#8221;none&#8221; align=&#8221;center&#8221;]Datenschutzerkl\u00e4rung[\/mk_fancy_title][\/vc_column][\/mk_page_section][vc_row css=&#8221;.vc_custom_1527520224492{padding-top: 120px !important;padding-bottom: 70px !important;}&#8221;][vc_column width=&#8221;1\/6&#8243; css=&#8221;.vc_custom_1410360470569{padding-top: 120px !important;padding-bottom: 100px !important;}&#8221;][\/vc_column][vc_column width=&#8221;2\/3&#8243;][mk_fancy_title tag_name=&#8221;h3&#8243; color=&#8221;#222222&#8243; size=&#8221;28&#8243; font_weight=&#8221;900&#8243; txt_transform=&#8221;uppercase&#8221; margin_bottom=&#8221;0&#8243; font_family=&#8221;none&#8221; align=&#8221;center&#8221;]Datenschutzerkl\u00e4rung[\/mk_fancy_title][mk_divider style=&#8221;thin_solid&#8221; divider_width=&#8221;custom_width&#8221; custom_width=&#8221;25&#8243; thin_single_color=&#8221;#f1c1b2&#8243; thickness=&#8221;4&#8243; margin_top=&#8221;30&#8243; margin_bottom=&#8221;40&#8243;][vc_column_text align=&#8221;center&#8221; css=&#8221;.vc_custom_1602196341056{margin-bottom: 0px !important;}&#8221;] [&hellip;]<\/p>\n","protected":false},"author":1,"featured_media":0,"parent":0,"menu_order":0,"comment_status":"closed","ping_status":"closed","template":"","meta":{"rs_blank_template":"","rs_page_bg_color":"","slide_template_v7":"","footnotes":""},"class_list":["post-7083","page","type-page","status-publish","hentry"],"_links":{"self":[{"href":"http:\/\/www.escritoseditos.pt\/de\/wp-json\/wp\/v2\/pages\/7083","targetHints":{"allow":["GET"]}}],"collection":[{"href":"http:\/\/www.escritoseditos.pt\/de\/wp-json\/wp\/v2\/pages"}],"about":[{"href":"http:\/\/www.escritoseditos.pt\/de\/wp-json\/wp\/v2\/types\/page"}],"author":[{"embeddable":true,"href":"http:\/\/www.escritoseditos.pt\/de\/wp-json\/wp\/v2\/users\/1"}],"replies":[{"embeddable":true,"href":"http:\/\/www.escritoseditos.pt\/de\/wp-json\/wp\/v2\/comments?post=7083"}],"version-history":[{"count":5,"href":"http:\/\/www.escritoseditos.pt\/de\/wp-json\/wp\/v2\/pages\/7083\/revisions"}],"predecessor-version":[{"id":7122,"href":"http:\/\/www.escritoseditos.pt\/de\/wp-json\/wp\/v2\/pages\/7083\/revisions\/7122"}],"wp:attachment":[{"href":"http:\/\/www.escritoseditos.pt\/de\/wp-json\/wp\/v2\/media?parent=7083"}],"curies":[{"name":"wp","href":"https:\/\/api.w.org\/{rel}","templated":true}]}}