{"id":6143,"date":"2016-06-15T14:05:12","date_gmt":"2016-06-15T14:05:12","guid":{"rendered":"http:\/\/www.escritoseditos.pt\/?page_id=6143"},"modified":"2017-11-22T19:51:50","modified_gmt":"2017-11-22T19:51:50","slug":"servicos","status":"publish","type":"page","link":"http:\/\/www.escritoseditos.pt\/de\/servicos\/","title":{"rendered":"Dienstleistungen"},"content":{"rendered":"<div class=\"wpb-content-wrapper\">[mk_page_section bg_image=&#8221;http:\/\/www.escritoseditos.pt\/wp-content\/uploads\/2016\/07\/slide_services.jpg&#8221; attachment=&#8221;fixed&#8221; bg_position=&#8221;center center&#8221; bg_stretch=&#8221;true&#8221; enable_3d=&#8221;true&#8221; speed_factor=&#8221;0.5&#8243; video_color_mask=&#8221;#000000&#8243; video_opacity=&#8221;0.2&#8243; full_height=&#8221;true&#8221; padding_top=&#8221;0&#8243; padding_bottom=&#8221;0&#8243; sidebar=&#8221;sidebar-1&#8243; first_page=&#8221;false&#8221; last_page=&#8221;false&#8221;][vc_column][mk_fancy_title tag_name=&#8221;h3&#8243; color=&#8221;#ffffff&#8221; size=&#8221;64&#8243; font_weight=&#8221;900&#8243; txt_transform=&#8221;uppercase&#8221; margin_bottom=&#8221;0&#8243; font_family=&#8221;none&#8221; align=&#8221;center&#8221;]eine frage der<br \/>\nqualit\u00e4t[\/mk_fancy_title][\/vc_column][\/mk_page_section][vc_row fullwidth=&#8221;true&#8221; attached=&#8221;true&#8221; padding=&#8221;0&#8243;][vc_column css=&#8221;.vc_custom_1410360551032{padding-top: 120px !important;padding-bottom: 90px !important;background-color: #f5f5f5 !important;}&#8221;][mk_fancy_title tag_name=&#8221;h3&#8243; color=&#8221;#222222&#8243; size=&#8221;28&#8243; font_weight=&#8221;900&#8243; txt_transform=&#8221;uppercase&#8221; margin_bottom=&#8221;0&#8243; font_family=&#8221;none&#8221; align=&#8221;center&#8221;]UNSERE DIENSTLEISTUNGEN IM DETAIL[\/mk_fancy_title][mk_divider style=&#8221;thin_solid&#8221; divider_width=&#8221;custom_width&#8221; custom_width=&#8221;25&#8243; thin_single_color=&#8221;#f1c1b2&#8243; thickness=&#8221;4&#8243; margin_top=&#8221;30&#8243; margin_bottom=&#8221;40&#8243;][vc_column_text align=&#8221;center&#8221; css=&#8221;.vc_custom_1511364354092{margin-bottom: 0px !important;}&#8221;]Wir bieten folgende Dienstleistungen an:[\/vc_column_text][\/vc_column][\/vc_row][vc_row][vc_column][vc_column_text]\n[\/vc_column_text][\/vc_column][\/vc_row][vc_row fullwidth=&#8221;true&#8221; attached=&#8221;true&#8221; padding=&#8221;0&#8243;][vc_column][mk_animated_columns column_height=&#8221;600&#8243; column_number=&#8221;3&#8243; border_color=&#8221;#e6e6e6&#8243; bg_color=&#8221;#ffffff&#8221; bg_hover_color=&#8221;#013c4d&#8221; icon_size=&#8221;65&#8243; icon_color=&#8221;#ffcccc&#8221; icon_hover_color=&#8221;#ffffff&#8221; txt_color=&#8221;#222222&#8243; txt_hover_color=&#8221;#ffffff&#8221; btn_color=&#8221;#ffffff&#8221; btn_hover_txt_color=&#8221;#222222&#8243; columns=&#8221;5485,5487,5489&#8243;][\/vc_column][\/vc_row][mk_page_section bg_color=&#8221;#f5f5f5&#8243; min_height=&#8221;0&#8243; padding_top=&#8221;120&#8243; padding_bottom=&#8221;120&#8243; sidebar=&#8221;sidebar-1&#8243; first_page=&#8221;false&#8221; last_page=&#8221;false&#8221;][mk_fancy_title tag_name=&#8221;h3&#8243; color=&#8221;#222222&#8243; size=&#8221;28&#8243; font_weight=&#8221;900&#8243; txt_transform=&#8221;uppercase&#8221; font_family=&#8221;none&#8221; align=&#8221;center&#8221;]UNSER QUALIT\u00c4TSKONZEPT IM \u00dcBERBLICK[\/mk_fancy_title][mk_divider style=&#8221;thin_solid&#8221; divider_width=&#8221;custom_width&#8221; custom_width=&#8221;25&#8243; thin_single_color=&#8221;#f1c1b2&#8243; thickness=&#8221;4&#8243; margin_top=&#8221;30&#8243; margin_bottom=&#8221;40&#8243;][vc_row_inner][vc_column_inner width=&#8221;1\/2&#8243;][vc_column_text css=&#8221;.vc_custom_1511364672284{margin-bottom: 0px !important;}&#8221;]Unser Qualit\u00e4tskonzept gliedert sich in die folgenden Schritte:<br \/>\n:: EVALUIERUNG | Analyse des Projekts (Verwendungszweck, Sprache, technische Anforderungen) und Auswahl des Teams (Projektmanager, \u00dcbersetzer und Lektor).<\/p>\n<p>:: AUSARBEITUNG | Vorbereitung der zu \u00fcbersetzenden Texte, Erfassung von eventuellen \u00dcbersetzungsspeichern, Glossaren und Referenzmaterialien.<\/p>\n<p>:: \u00dcBERSETZUNG | \u00dcbersetzung der Texte durch einen Muttersprachler mit Hochschulausbildung und nachgewiesener Erfahrung.<\/p>\n<p>:: LEKTORAT | Lektorat der \u00fcbersetzten Dokumente durch einen zweiten qualifizierten Mitarbeiter im Hinblick auf Rechtschreibung, Terminologie, Konsistenz, Stil, usw.[\/vc_column_text][\/vc_column_inner][vc_column_inner width=&#8221;1\/2&#8243;][vc_column_text css=&#8221;.vc_custom_1511364705244{margin-bottom: 0px !important;}&#8221;]:: FERTIGSTELLUNG | Lieferung an den Kunden auf dem gew\u00fcnschten Weg, gefolgt von eventuellem Feedback des Kunden und Aktualisierung der \u00dcbersetzungsspeicher und Glossare.<\/p>\n<p>Unser B\u00fcro ist mit modernsten CAT-Programmen f\u00fcr computergest\u00fctzte \u00dcbersetzung ausgestattet, weshalb wir im Fall einer bearbeitbaren Datei automatisch eine umfassende Evaluierung der Texte durchf\u00fchren und eine Verrechnung wiederholter Textteile verhindern k\u00f6nnen. Der Text wird in einem \u00dcbersetzungsspeicher abgelegt, womit man bei eventuellen Folgeauftr\u00e4gen sofort Wiederholungen erfasst, deutliche Preisvorteile erzielt und die Konsistenz der verwendeten Terminologie gew\u00e4hrleistet. Auch die Erstellung von kundenspezifischen Glossaren dient diesem Zweck. [\/vc_column_text][\/vc_column_inner][\/vc_row_inner][\/mk_page_section][vc_row fullwidth=&#8221;true&#8221; padding=&#8221;0&#8243;][vc_column][mk_button dimension=&#8221;flat&#8221; size=&#8221;xx-large&#8221; icon=&#8221;mk-moon-bubble-dots&#8221; url=&#8221;http:\/\/www.escritoseditos.pt\/de\/contactos\/&#8221; fullwidth=&#8221;true&#8221; margin_bottom=&#8221;0&#8243; btn_hover_bg=&#8221;#131413&#8243; btn_hover_txt_color=&#8221;#ffffff&#8221;]IHR WEG ZU EINER ZUSAMMENARBEIT MIT UNS[\/mk_button][\/vc_column][\/vc_row]\n<\/div>","protected":false},"excerpt":{"rendered":"<p>[mk_page_section bg_image=&#8221;http:\/\/www.escritoseditos.pt\/wp-content\/uploads\/2016\/07\/slide_services.jpg&#8221; attachment=&#8221;fixed&#8221; bg_position=&#8221;center center&#8221; bg_stretch=&#8221;true&#8221; enable_3d=&#8221;true&#8221; speed_factor=&#8221;0.5&#8243; video_color_mask=&#8221;#000000&#8243; video_opacity=&#8221;0.2&#8243; full_height=&#8221;true&#8221; padding_top=&#8221;0&#8243; padding_bottom=&#8221;0&#8243; sidebar=&#8221;sidebar-1&#8243; first_page=&#8221;false&#8221; last_page=&#8221;false&#8221;][vc_column][mk_fancy_title tag_name=&#8221;h3&#8243; color=&#8221;#ffffff&#8221; size=&#8221;64&#8243; font_weight=&#8221;900&#8243; txt_transform=&#8221;uppercase&#8221; margin_bottom=&#8221;0&#8243; font_family=&#8221;none&#8221; align=&#8221;center&#8221;]eine frage der qualit\u00e4t[\/mk_fancy_title][\/vc_column][\/mk_page_section][vc_row fullwidth=&#8221;true&#8221; attached=&#8221;true&#8221; padding=&#8221;0&#8243;][vc_column css=&#8221;.vc_custom_1410360551032{padding-top: 120px !important;padding-bottom: 90px !important;background-color: #f5f5f5 !important;}&#8221;][mk_fancy_title tag_name=&#8221;h3&#8243; color=&#8221;#222222&#8243; size=&#8221;28&#8243; font_weight=&#8221;900&#8243; txt_transform=&#8221;uppercase&#8221; margin_bottom=&#8221;0&#8243; font_family=&#8221;none&#8221; align=&#8221;center&#8221;]UNSERE DIENSTLEISTUNGEN IM DETAIL[\/mk_fancy_title][mk_divider style=&#8221;thin_solid&#8221; divider_width=&#8221;custom_width&#8221; custom_width=&#8221;25&#8243; thin_single_color=&#8221;#f1c1b2&#8243; thickness=&#8221;4&#8243; margin_top=&#8221;30&#8243; margin_bottom=&#8221;40&#8243;][vc_column_text [&hellip;]<\/p>\n","protected":false},"author":1,"featured_media":0,"parent":0,"menu_order":0,"comment_status":"closed","ping_status":"closed","template":"","meta":{"rs_blank_template":"","rs_page_bg_color":"","slide_template_v7":"","footnotes":""},"class_list":["post-6143","page","type-page","status-publish","hentry"],"_links":{"self":[{"href":"http:\/\/www.escritoseditos.pt\/de\/wp-json\/wp\/v2\/pages\/6143","targetHints":{"allow":["GET"]}}],"collection":[{"href":"http:\/\/www.escritoseditos.pt\/de\/wp-json\/wp\/v2\/pages"}],"about":[{"href":"http:\/\/www.escritoseditos.pt\/de\/wp-json\/wp\/v2\/types\/page"}],"author":[{"embeddable":true,"href":"http:\/\/www.escritoseditos.pt\/de\/wp-json\/wp\/v2\/users\/1"}],"replies":[{"embeddable":true,"href":"http:\/\/www.escritoseditos.pt\/de\/wp-json\/wp\/v2\/comments?post=6143"}],"version-history":[{"count":136,"href":"http:\/\/www.escritoseditos.pt\/de\/wp-json\/wp\/v2\/pages\/6143\/revisions"}],"predecessor-version":[{"id":7067,"href":"http:\/\/www.escritoseditos.pt\/de\/wp-json\/wp\/v2\/pages\/6143\/revisions\/7067"}],"wp:attachment":[{"href":"http:\/\/www.escritoseditos.pt\/de\/wp-json\/wp\/v2\/media?parent=6143"}],"curies":[{"name":"wp","href":"https:\/\/api.w.org\/{rel}","templated":true}]}}