{"id":6052,"date":"2016-06-08T15:33:18","date_gmt":"2016-06-08T15:33:18","guid":{"rendered":"http:\/\/www.escritoseditos.pt\/?page_id=6052"},"modified":"2018-07-24T14:58:16","modified_gmt":"2018-07-24T14:58:16","slug":"clientes","status":"publish","type":"page","link":"http:\/\/www.escritoseditos.pt\/de\/clientes\/","title":{"rendered":"Kunden"},"content":{"rendered":"<div class=\"wpb-content-wrapper\">[mk_page_section bg_image=&#8221;http:\/\/www.escritoseditos.pt\/wp-content\/uploads\/2016\/07\/slide_clients.jpg&#8221; attachment=&#8221;fixed&#8221; bg_position=&#8221;center center&#8221; bg_repeat=&#8221;no-repeat&#8221; bg_stretch=&#8221;true&#8221; enable_3d=&#8221;true&#8221; speed_factor=&#8221;0.5&#8243; video_color_mask=&#8221;#0a0a0a&#8221; video_opacity=&#8221;0.2&#8243; full_height=&#8221;true&#8221; padding_top=&#8221;0&#8243; padding_bottom=&#8221;0&#8243; sidebar=&#8221;sidebar-1&#8243; first_page=&#8221;false&#8221; last_page=&#8221;false&#8221;][vc_column][mk_fancy_title tag_name=&#8221;h3&#8243; color=&#8221;#ffffff&#8221; size=&#8221;64&#8243; font_weight=&#8221;900&#8243; txt_transform=&#8221;uppercase&#8221; margin_bottom=&#8221;0&#8243; font_family=&#8221;none&#8221; align=&#8221;center&#8221;]EINE FRAGE DES<br \/>\nVERTRAUENS[\/mk_fancy_title][\/vc_column][\/mk_page_section][vc_row][vc_column css=&#8221;.vc_custom_1410359410570{padding-top: 120px !important;padding-bottom: 100px !important;}&#8221;][mk_fancy_title tag_name=&#8221;h3&#8243; color=&#8221;#222222&#8243; size=&#8221;28&#8243; font_weight=&#8221;900&#8243; txt_transform=&#8221;uppercase&#8221; margin_bottom=&#8221;0&#8243; font_family=&#8221;none&#8221; align=&#8221;center&#8221;]WIR SEHEN UNS ALS IHREN<br \/>\nIDEALEN PARTNER[\/mk_fancy_title][mk_divider style=&#8221;thin_solid&#8221; divider_width=&#8221;custom_width&#8221; custom_width=&#8221;25&#8243; thin_single_color=&#8221;#f1c1b2&#8243; thickness=&#8221;4&#8243; margin_top=&#8221;30&#8243; margin_bottom=&#8221;40&#8243;][vc_row_inner][vc_column_inner width=&#8221;1\/2&#8243;][vc_column_text css=&#8221;.vc_custom_1512488017623{margin-bottom: 0px !important;}&#8221;]Seit unserer Gr\u00fcndung etablierten wir langj\u00e4hrige Kundenbeziehungen mit namhaften Unternehmen aus dem In- und Ausland und umfassen mit unseren Fach\u00fcbersetzern vielf\u00e4ltige Themen- und Gesch\u00e4ftsbereiche, wie z.B. die Lebensmittel- und Automobilindustrie, die Kork- und Schuhbranche, wie auch die Bereiche Recht oder Marketing, unter vielen anderen.[\/vc_column_text][\/vc_column_inner][vc_column_inner width=&#8221;1\/2&#8243;][vc_column_text css=&#8221;.vc_custom_1511366917536{margin-bottom: 0px !important;}&#8221;]Hier einige Referenzkunden, mit denen uns eine erfolgreiche Zusammenarbeit verbindet. Ihr Vertrauen und ihre Loyalit\u00e4t sind unser h\u00f6chstes Gut.[\/vc_column_text][\/vc_column_inner][\/vc_row_inner][\/vc_column][\/vc_row][vc_row][vc_column][vc_column_text]\n[\/vc_column_text][\/vc_column][\/vc_row][vc_row fullwidth=&#8221;true&#8221; attached=&#8221;true&#8221; padding=&#8221;0&#8243;][vc_column css=&#8221;.vc_custom_1410359360473{padding-top: 120px !important;padding-bottom: 80px !important;background-color: #f5f5f5 !important;}&#8221;][mk_fancy_title tag_name=&#8221;h3&#8243; color=&#8221;#222222&#8243; size=&#8221;28&#8243; font_weight=&#8221;900&#8243; txt_transform=&#8221;uppercase&#8221; font_family=&#8221;none&#8221; align=&#8221;center&#8221;]ZUFRIEDENE KUNDEN[\/mk_fancy_title][mk_divider style=&#8221;thin_solid&#8221; divider_width=&#8221;custom_width&#8221; custom_width=&#8221;25&#8243; thin_single_color=&#8221;#f1c1b2&#8243; thickness=&#8221;4&#8243; margin_top=&#8221;30&#8243; margin_bottom=&#8221;40&#8243;][vc_column_text align=&#8221;center&#8221; css=&#8221;.vc_custom_1511366941745{margin-bottom: 0px !important;}&#8221;]Das sagen die Kunden, die uns ihr Vertrauen schenken, \u00fcber uns:[\/vc_column_text][\/vc_column][\/vc_row][mk_page_section bg_color=&#8221;#f5f5f5&#8243; min_height=&#8221;0&#8243; padding_top=&#8221;0&#8243; padding_bottom=&#8221;90&#8243; sidebar=&#8221;sidebar-1&#8243; first_page=&#8221;false&#8221; last_page=&#8221;false&#8221;][vc_row][vc_column][mk_testimonials style=&#8221;boxed&#8221; show_as=&#8221;column&#8221; column=&#8221;2&#8243; testimonials=&#8221;5388,6750&#8243;][mk_testimonials style=&#8221;boxed&#8221; show_as=&#8221;column&#8221; column=&#8221;2&#8243; count=&#8221;3&#8243; testimonials=&#8221;6057,6746&#8243;][mk_testimonials style=&#8221;boxed&#8221; show_as=&#8221;column&#8221; column=&#8221;2&#8243; count=&#8221;3&#8243; testimonials=&#8221;6069,6748&#8243;][mk_testimonials style=&#8221;boxed&#8221; show_as=&#8221;column&#8221; column=&#8221;2&#8243; count=&#8221;3&#8243; testimonials=&#8221;6063,6065&#8243;][\/vc_column][\/vc_row][vc_row][\/vc_row][vc_column][\/vc_column][vc_column_text][\/vc_column_text][\/mk_page_section][vc_row padding=&#8221;0&#8243;][vc_column css=&#8221;.vc_custom_1410359515138{padding-top: 120px !important;padding-bottom: 140px !important;}&#8221;][mk_fancy_title tag_name=&#8221;h3&#8243; color=&#8221;#222222&#8243; size=&#8221;28&#8243; font_weight=&#8221;900&#8243; txt_transform=&#8221;uppercase&#8221; font_family=&#8221;none&#8221; align=&#8221;center&#8221;]UNSERE KUNDEN[\/mk_fancy_title][mk_divider style=&#8221;thin_solid&#8221; divider_width=&#8221;custom_width&#8221; custom_width=&#8221;25&#8243; thin_single_color=&#8221;#f1c1b2&#8243; thickness=&#8221;4&#8243; margin_top=&#8221;30&#8243; margin_bottom=&#8221;40&#8243;][vc_column_text align=&#8221;center&#8221; css=&#8221;.vc_custom_1511366979702{margin-bottom: 120px !important;}&#8221;]Wir sind stolz auf unseren Kundenstamm[\/vc_column_text][mk_clients style=&#8221;column&#8221; border_style=&#8221;opened_edges&#8221; column=&#8221;4&#8243; count=&#8221;20&#8243; border_color=&#8221;#eaeaea&#8221; height=&#8221;200&#8243; autoplay=&#8221;false&#8221; target=&#8221;_blank&#8221; clients=&#8221;6950, 6952, 6954, 6956, 6958, 6960, 6962, 6963, 6964, 6988, 6993, 6994, 6995, 6996, 6997, 6998, 7089, 7095, 7096, 7097&#8243;][\/vc_column][\/vc_row][vc_row][vc_column][vc_column_text]\n[\/vc_column_text][\/vc_column][\/vc_row][vc_row fullwidth=&#8221;true&#8221; attached=&#8221;true&#8221; padding=&#8221;0&#8243;][vc_column][mk_button dimension=&#8221;flat&#8221; size=&#8221;xx-large&#8221; icon=&#8221;mk-moon-bubble-dots-2&#8243; url=&#8221;http:\/\/www.escritoseditos.pt\/de\/contactos\/&#8221; align=&#8221;center&#8221; fullwidth=&#8221;true&#8221; margin_bottom=&#8221;0&#8243; btn_hover_bg=&#8221;#131413&#8243; btn_hover_txt_color=&#8221;#ffffff&#8221;]REDEN WIR \u00dcBER ARBEIT[\/mk_button][\/vc_column][\/vc_row]\n<\/div>","protected":false},"excerpt":{"rendered":"<p>[mk_page_section bg_image=&#8221;http:\/\/www.escritoseditos.pt\/wp-content\/uploads\/2016\/07\/slide_clients.jpg&#8221; attachment=&#8221;fixed&#8221; bg_position=&#8221;center center&#8221; bg_repeat=&#8221;no-repeat&#8221; bg_stretch=&#8221;true&#8221; enable_3d=&#8221;true&#8221; speed_factor=&#8221;0.5&#8243; video_color_mask=&#8221;#0a0a0a&#8221; video_opacity=&#8221;0.2&#8243; full_height=&#8221;true&#8221; padding_top=&#8221;0&#8243; padding_bottom=&#8221;0&#8243; sidebar=&#8221;sidebar-1&#8243; first_page=&#8221;false&#8221; last_page=&#8221;false&#8221;][vc_column][mk_fancy_title tag_name=&#8221;h3&#8243; color=&#8221;#ffffff&#8221; size=&#8221;64&#8243; font_weight=&#8221;900&#8243; txt_transform=&#8221;uppercase&#8221; margin_bottom=&#8221;0&#8243; font_family=&#8221;none&#8221; align=&#8221;center&#8221;]EINE FRAGE DES VERTRAUENS[\/mk_fancy_title][\/vc_column][\/mk_page_section][vc_row][vc_column css=&#8221;.vc_custom_1410359410570{padding-top: 120px !important;padding-bottom: 100px !important;}&#8221;][mk_fancy_title tag_name=&#8221;h3&#8243; color=&#8221;#222222&#8243; size=&#8221;28&#8243; font_weight=&#8221;900&#8243; txt_transform=&#8221;uppercase&#8221; margin_bottom=&#8221;0&#8243; font_family=&#8221;none&#8221; align=&#8221;center&#8221;]WIR SEHEN UNS ALS IHREN IDEALEN PARTNER[\/mk_fancy_title][mk_divider style=&#8221;thin_solid&#8221; divider_width=&#8221;custom_width&#8221; custom_width=&#8221;25&#8243; thin_single_color=&#8221;#f1c1b2&#8243; thickness=&#8221;4&#8243; margin_top=&#8221;30&#8243; margin_bottom=&#8221;40&#8243;][vc_row_inner][vc_column_inner width=&#8221;1\/2&#8243;][vc_column_text [&hellip;]<\/p>\n","protected":false},"author":1,"featured_media":0,"parent":0,"menu_order":0,"comment_status":"closed","ping_status":"closed","template":"","meta":{"rs_blank_template":"","rs_page_bg_color":"","slide_template_v7":"","footnotes":""},"class_list":["post-6052","page","type-page","status-publish","hentry"],"_links":{"self":[{"href":"http:\/\/www.escritoseditos.pt\/de\/wp-json\/wp\/v2\/pages\/6052","targetHints":{"allow":["GET"]}}],"collection":[{"href":"http:\/\/www.escritoseditos.pt\/de\/wp-json\/wp\/v2\/pages"}],"about":[{"href":"http:\/\/www.escritoseditos.pt\/de\/wp-json\/wp\/v2\/types\/page"}],"author":[{"embeddable":true,"href":"http:\/\/www.escritoseditos.pt\/de\/wp-json\/wp\/v2\/users\/1"}],"replies":[{"embeddable":true,"href":"http:\/\/www.escritoseditos.pt\/de\/wp-json\/wp\/v2\/comments?post=6052"}],"version-history":[{"count":104,"href":"http:\/\/www.escritoseditos.pt\/de\/wp-json\/wp\/v2\/pages\/6052\/revisions"}],"predecessor-version":[{"id":7101,"href":"http:\/\/www.escritoseditos.pt\/de\/wp-json\/wp\/v2\/pages\/6052\/revisions\/7101"}],"wp:attachment":[{"href":"http:\/\/www.escritoseditos.pt\/de\/wp-json\/wp\/v2\/media?parent=6052"}],"curies":[{"name":"wp","href":"https:\/\/api.w.org\/{rel}","templated":true}]}}