{"id":5911,"date":"2016-05-30T14:26:49","date_gmt":"2016-05-30T14:26:49","guid":{"rendered":"http:\/\/www.escritoseditos.pt\/?page_id=5911"},"modified":"2018-07-23T16:02:29","modified_gmt":"2018-07-23T16:02:29","slug":"quem-somos","status":"publish","type":"page","link":"http:\/\/www.escritoseditos.pt\/de\/quem-somos\/","title":{"rendered":"\u00dcber Uns"},"content":{"rendered":"<div class=\"wpb-content-wrapper\">[mk_page_section bg_image=&#8221;http:\/\/www.escritoseditos.pt\/wp-content\/uploads\/2016\/07\/slide_quemsomos.jpg&#8221; attachment=&#8221;fixed&#8221; bg_position=&#8221;center center&#8221; bg_repeat=&#8221;no-repeat&#8221; bg_stretch=&#8221;true&#8221; enable_3d=&#8221;true&#8221; speed_factor=&#8221;0.5&#8243; video_color_mask=&#8221;#0a0a0a&#8221; video_opacity=&#8221;0.2&#8243; full_height=&#8221;true&#8221; padding_top=&#8221;0&#8243; padding_bottom=&#8221;0&#8243; sidebar=&#8221;sidebar-1&#8243; first_page=&#8221;false&#8221; last_page=&#8221;false&#8221;][vc_column][mk_fancy_title tag_name=&#8221;h3&#8243; color=&#8221;#ffffff&#8221; size=&#8221;64&#8243; font_weight=&#8221;900&#8243; txt_transform=&#8221;uppercase&#8221; margin_bottom=&#8221;0&#8243; font_family=&#8221;none&#8221; align=&#8221;center&#8221;]eine frage der<br \/>\nkompetenz[\/mk_fancy_title][\/vc_column][\/mk_page_section][mk_page_section bg_color=&#8221;#f5f5f5&#8243; min_height=&#8221;0&#8243; padding_top=&#8221;0&#8243; padding_bottom=&#8221;0&#8243; sidebar=&#8221;sidebar-1&#8243; first_page=&#8221;false&#8221; last_page=&#8221;false&#8221;][vc_row][vc_column css=&#8221;.vc_custom_1410359410570{padding-top: 120px !important;padding-bottom: 100px !important;}&#8221;][mk_fancy_title tag_name=&#8221;h3&#8243; color=&#8221;#222222&#8243; size=&#8221;28&#8243; font_weight=&#8221;900&#8243; txt_transform=&#8221;uppercase&#8221; margin_bottom=&#8221;0&#8243; font_family=&#8221;none&#8221; align=&#8221;center&#8221;]seit 2002<br \/>\nauf der suche nach dem richtigen wort<br \/>\n[\/mk_fancy_title][mk_divider style=&#8221;thin_solid&#8221; divider_width=&#8221;custom_width&#8221; custom_width=&#8221;25&#8243; thin_single_color=&#8221;#f1c1b2&#8243; thickness=&#8221;4&#8243; margin_top=&#8221;30&#8243; margin_bottom=&#8221;40&#8243;][vc_row_inner][vc_column_inner width=&#8221;1\/2&#8243;][vc_column_text css=&#8221;.vc_custom_1532360035324{margin-bottom: 0px !important;}&#8221;]Das im Jahr 2002 gegr\u00fcndete \u00dcbersetzungsb\u00fcro Escritos &amp; Ditos stellt qualitativ hochwertige Sprachdienste zur Verf\u00fcgung und setzt dazu hoch qualifizierte Sprachexperten in den verschiedensten Fachgebieten ein, die als \u00dcbersetzer, Lektoren oder Projektmanager t\u00e4tig werden.[\/vc_column_text][\/vc_column_inner][vc_column_inner width=&#8221;1\/2&#8243;][vc_column_text css=&#8221;.vc_custom_1511360560878{margin-bottom: 0px !important;}&#8221;]Das kontinuierliche Engagement zur Aus- und Fortbildung der Mitarbeiter, in Verbindung mit einer Kultur der Sorgfalt und Exzellenz, pr\u00e4gen unser Gesch\u00e4ft und unseren Service. Damit k\u00f6nnen wir Kunden eine wirksamere Darstellung und Kommunikation auf dem globalen Markt bieten. Auf uns k\u00f6nnen Sie sich verlassen![\/vc_column_text][\/vc_column_inner][\/vc_row_inner][\/vc_column][\/vc_row][vc_column][\/vc_column][vc_column_text][\/vc_column_text][\/mk_page_section][vc_row fullwidth=&#8221;true&#8221; attached=&#8221;true&#8221; padding=&#8221;0&#8243;][vc_column][mk_button dimension=&#8221;flat&#8221; size=&#8221;xx-large&#8221; icon=&#8221;mk-moon-bubble-dots-2&#8243; url=&#8221;http:\/\/www.escritoseditos.pt\/de\/contactos\/&#8221; align=&#8221;center&#8221; fullwidth=&#8221;true&#8221; margin_bottom=&#8221;0&#8243; btn_hover_bg=&#8221;#131413&#8243; btn_hover_txt_color=&#8221;#ffffff&#8221;]REDEN WIR \u00dcBER ARBEIT[\/mk_button][\/vc_column][\/vc_row]\n<\/div>","protected":false},"excerpt":{"rendered":"<p>[mk_page_section bg_image=&#8221;http:\/\/www.escritoseditos.pt\/wp-content\/uploads\/2016\/07\/slide_quemsomos.jpg&#8221; attachment=&#8221;fixed&#8221; bg_position=&#8221;center center&#8221; bg_repeat=&#8221;no-repeat&#8221; bg_stretch=&#8221;true&#8221; enable_3d=&#8221;true&#8221; speed_factor=&#8221;0.5&#8243; video_color_mask=&#8221;#0a0a0a&#8221; video_opacity=&#8221;0.2&#8243; full_height=&#8221;true&#8221; padding_top=&#8221;0&#8243; padding_bottom=&#8221;0&#8243; sidebar=&#8221;sidebar-1&#8243; first_page=&#8221;false&#8221; last_page=&#8221;false&#8221;][vc_column][mk_fancy_title tag_name=&#8221;h3&#8243; color=&#8221;#ffffff&#8221; size=&#8221;64&#8243; font_weight=&#8221;900&#8243; txt_transform=&#8221;uppercase&#8221; margin_bottom=&#8221;0&#8243; font_family=&#8221;none&#8221; align=&#8221;center&#8221;]eine frage der kompetenz[\/mk_fancy_title][\/vc_column][\/mk_page_section][mk_page_section bg_color=&#8221;#f5f5f5&#8243; min_height=&#8221;0&#8243; padding_top=&#8221;0&#8243; padding_bottom=&#8221;0&#8243; sidebar=&#8221;sidebar-1&#8243; first_page=&#8221;false&#8221; last_page=&#8221;false&#8221;][vc_row][vc_column css=&#8221;.vc_custom_1410359410570{padding-top: 120px !important;padding-bottom: 100px !important;}&#8221;][mk_fancy_title tag_name=&#8221;h3&#8243; color=&#8221;#222222&#8243; size=&#8221;28&#8243; font_weight=&#8221;900&#8243; txt_transform=&#8221;uppercase&#8221; margin_bottom=&#8221;0&#8243; font_family=&#8221;none&#8221; align=&#8221;center&#8221;]seit 2002 auf der suche nach dem richtigen [&hellip;]<\/p>\n","protected":false},"author":1,"featured_media":0,"parent":0,"menu_order":0,"comment_status":"closed","ping_status":"closed","template":"","meta":{"rs_blank_template":"","rs_page_bg_color":"","slide_template_v7":"","footnotes":""},"class_list":["post-5911","page","type-page","status-publish","hentry"],"_links":{"self":[{"href":"http:\/\/www.escritoseditos.pt\/de\/wp-json\/wp\/v2\/pages\/5911","targetHints":{"allow":["GET"]}}],"collection":[{"href":"http:\/\/www.escritoseditos.pt\/de\/wp-json\/wp\/v2\/pages"}],"about":[{"href":"http:\/\/www.escritoseditos.pt\/de\/wp-json\/wp\/v2\/types\/page"}],"author":[{"embeddable":true,"href":"http:\/\/www.escritoseditos.pt\/de\/wp-json\/wp\/v2\/users\/1"}],"replies":[{"embeddable":true,"href":"http:\/\/www.escritoseditos.pt\/de\/wp-json\/wp\/v2\/comments?post=5911"}],"version-history":[{"count":112,"href":"http:\/\/www.escritoseditos.pt\/de\/wp-json\/wp\/v2\/pages\/5911\/revisions"}],"predecessor-version":[{"id":7082,"href":"http:\/\/www.escritoseditos.pt\/de\/wp-json\/wp\/v2\/pages\/5911\/revisions\/7082"}],"wp:attachment":[{"href":"http:\/\/www.escritoseditos.pt\/de\/wp-json\/wp\/v2\/media?parent=5911"}],"curies":[{"name":"wp","href":"https:\/\/api.w.org\/{rel}","templated":true}]}}