{"id":5871,"date":"2016-05-17T14:23:25","date_gmt":"2016-05-17T14:23:25","guid":{"rendered":"http:\/\/www.escritoseditos.pt\/?page_id=5871"},"modified":"2020-10-09T00:17:18","modified_gmt":"2020-10-09T00:17:18","slug":"contactos","status":"publish","type":"page","link":"http:\/\/www.escritoseditos.pt\/de\/contactos\/","title":{"rendered":"Kontakt"},"content":{"rendered":"<div class=\"wpb-content-wrapper\">[mk_page_section bg_image=&#8221;http:\/\/www.escritoseditos.pt\/de\/wp-content\/uploads\/2020\/10\/contact-header_2020.jpg&#8221; attachment=&#8221;fixed&#8221; bg_position=&#8221;center center&#8221; bg_repeat=&#8221;no-repeat&#8221; bg_stretch=&#8221;true&#8221; enable_3d=&#8221;true&#8221; speed_factor=&#8221;0.5&#8243; video_color_mask=&#8221;#000000&#8243; min_height=&#8221;50&#8243; full_height=&#8221;true&#8221; padding_top=&#8221;0&#8243; padding_bottom=&#8221;0&#8243; sidebar=&#8221;sidebar-1&#8243; first_page=&#8221;false&#8221; last_page=&#8221;false&#8221;][vc_column][mk_fancy_title tag_name=&#8221;h3&#8243; color=&#8221;#ffffff&#8221; size=&#8221;55&#8243; font_weight=&#8221;900&#8243; txt_transform=&#8221;uppercase&#8221; margin_bottom=&#8221;90&#8243; font_family=&#8221;none&#8221; align=&#8221;center&#8221;]BEI BEDARF AN \u00dcBERSETZUNGEN,<br \/>\nWENDEN SIE SICH BITTE AN UNS![\/mk_fancy_title][vc_row_inner attached=&#8221;true&#8221; padding=&#8221;0&#8243;][vc_column_inner width=&#8221;1\/6&#8243;][\/vc_column_inner][vc_column_inner el_class=&#8221;cmk-center-all&#8221; width=&#8221;2\/3&#8243;][mk_button dimension=&#8221;outline&#8221; corner_style=&#8221;rounded&#8221; size=&#8221;large&#8221; icon=&#8221;mk-li-pinmap&#8221; url=&#8221;#address&#8221; align=&#8221;none&#8221; margin_bottom=&#8221;20&#8243; outline_skin=&#8221;light&#8221;]ADRESSE[\/mk_button][mk_button dimension=&#8221;outline&#8221; corner_style=&#8221;rounded&#8221; size=&#8221;large&#8221; icon=&#8221;mk-li-map&#8221; url=&#8221;#map&#8221; align=&#8221;none&#8221; margin_bottom=&#8221;20&#8243; outline_skin=&#8221;light&#8221;]WEGBESCHREIBUNG[\/mk_button][mk_button dimension=&#8221;outline&#8221; corner_style=&#8221;rounded&#8221; size=&#8221;large&#8221; icon=&#8221;mk-icon-envelope&#8221; url=&#8221;#email&#8221; align=&#8221;none&#8221; margin_bottom=&#8221;20&#8243; outline_skin=&#8221;light&#8221;]E-MAIL[\/mk_button][\/vc_column_inner][vc_column_inner width=&#8221;1\/6&#8243;][\/vc_column_inner][\/vc_row_inner][\/vc_column][\/mk_page_section][vc_row fullwidth=&#8221;true&#8221; attached=&#8221;true&#8221; id=&#8221;address&#8221; css=&#8221;.vc_custom_1497710816208{padding-top: 0px !important;padding-right: 0px !important;padding-bottom: 0px !important;padding-left: 0px !important;}&#8221;][vc_column css=&#8221;.vc_custom_1410360551032{padding-top: 120px !important;padding-bottom: 90px !important;background-color: #f5f5f5 !important;}&#8221;][mk_fancy_title tag_name=&#8221;h3&#8243; color=&#8221;#222222&#8243; size=&#8221;28&#8243; font_weight=&#8221;900&#8243; txt_transform=&#8221;uppercase&#8221; margin_bottom=&#8221;0&#8243; font_family=&#8221;none&#8221; align=&#8221;center&#8221;]BESUCHEN SIE UNS[\/mk_fancy_title][mk_divider style=&#8221;thin_solid&#8221; divider_width=&#8221;custom_width&#8221; custom_width=&#8221;25&#8243; thin_single_color=&#8221;#f1c1b2&#8243; thickness=&#8221;4&#8243; margin_top=&#8221;30&#8243; margin_bottom=&#8221;40&#8243;][vc_column_text align=&#8221;center&#8221; css=&#8221;.vc_custom_1602175510815{margin-bottom: 0px !important;}&#8221;]Escritos e Ditos \u2013 Servi\u00e7os de Tradu\u00e7\u00e3o Unipessoal, Lda.<br \/>\nRua Duarte Barbosa 364, R\/C-A<br \/>\n4150-282 Porto<br \/>\nTel.: [+351] 225 430 818<br \/>\nE-mail: escritoseditos@escritoseditos.pt[\/vc_column_text][\/vc_column][\/vc_row][vc_row fullwidth=&#8221;true&#8221; attached=&#8221;true&#8221; padding=&#8221;0&#8243; id=&#8221;map&#8221;][vc_column css=&#8221;.vc_custom_1410357040151{background-color: #ffffff !important;}&#8221;][mk_padding_divider size=&#8221;120&#8243;][mk_fancy_title tag_name=&#8221;h3&#8243; color=&#8221;#222222&#8243; size=&#8221;28&#8243; font_weight=&#8221;900&#8243; txt_transform=&#8221;uppercase&#8221; margin_bottom=&#8221;0&#8243; font_family=&#8221;none&#8221; align=&#8221;center&#8221;]HIER FINDEN SIE UNS AUF DER KARTE[\/mk_fancy_title][mk_divider style=&#8221;thin_solid&#8221; divider_width=&#8221;custom_width&#8221; custom_width=&#8221;25&#8243; thin_single_color=&#8221;#f1c1b2&#8243; thickness=&#8221;4&#8243; margin_top=&#8221;30&#8243; margin_bottom=&#8221;40&#8243;][vc_gmaps link=&#8221;#E-8_JTNDaWZyYW1lJTIwc3JjJTNEJTIyaHR0cHMlM0ElMkYlMkZ3d3cuZ29vZ2xlLmNvbSUyRm1hcHMlMkZlbWJlZCUzRnBiJTNEJTIxMW0xOCUyMTFtMTIlMjExbTMlMjExZDM2NDAuNTExOTQ3ODQxMDY4NCUyMTJkLTguNjY1ODM0NzMwMDE0MDg5JTIxM2Q0MS4xNDg0ODY1Njc1ODc1NSUyMTJtMyUyMTFmMCUyMTJmMCUyMTNmMCUyMTNtMiUyMTFpMTAyNCUyMTJpNzY4JTIxNGYxMy4xJTIxM20zJTIxMW0yJTIxMXMweGQyNDZmODZlYWMwMTJlZiUyNTNBMHhlMDEwNzhlYjcyZWFkNmIwJTIxMnNSdWElMjUyMGRlJTI1MjBEdWFydGUlMjUyMEJhcmJvc2ElMjUyMDM2NCUyNTJDJTI1MjA0MTUwLTc0MCUyNTIwUG9ydG8lMjE1ZTAlMjEzbTIlMjExc3B0LVBUJTIxMnNwdCUyMTR2MTYwMjE3NDk0NjIxMiUyMTVtMiUyMTFzcHQtUFQlMjEyc3B0JTIyJTIwd2lkdGglM0QlMjI2MDAlMjIlMjBoZWlnaHQlM0QlMjI0NTAlMjIlMjBmcmFtZWJvcmRlciUzRCUyMjAlMjIlMjBzdHlsZSUzRCUyMmJvcmRlciUzQTAlM0IlMjIlMjBhbGxvd2Z1bGxzY3JlZW4lM0QlMjIlMjIlMjBhcmlhLWhpZGRlbiUzRCUyMmZhbHNlJTIyJTIwdGFiaW5kZXglM0QlMjIwJTIyJTNFJTNDJTJGaWZyYW1lJTNF&#8221;][\/vc_column][\/vc_row][vc_row padding=&#8221;0&#8243; id=&#8221;email&#8221;][vc_column][mk_padding_divider size=&#8221;120&#8243;][mk_fancy_title tag_name=&#8221;h3&#8243; color=&#8221;#222222&#8243; size=&#8221;28&#8243; font_weight=&#8221;900&#8243; txt_transform=&#8221;uppercase&#8221; font_family=&#8221;none&#8221; align=&#8221;center&#8221;]SENDEN SIE UNS EINE NACHRICHT[\/mk_fancy_title][mk_divider style=&#8221;thin_solid&#8221; divider_width=&#8221;custom_width&#8221; custom_width=&#8221;25&#8243; thin_single_color=&#8221;#f1c1b2&#8243; thickness=&#8221;4&#8243; margin_top=&#8221;30&#8243; margin_bottom=&#8221;40&#8243;][vc_column_text align=&#8221;center&#8221; css=&#8221;.vc_custom_1511367899757{margin-bottom: 100px !important;}&#8221;]Falls Sie irgendwelche Anfragen zu unseren Dienstleistungen haben,<br \/>\nf\u00fcllen Sie bitte das Formular unten aus oder senden Sie uns Ihre Nachricht an escritoseditos@escritoseditos.pt.<br \/>\nWir werden uns so bald wie m\u00f6glich bei Ihnen melden.[\/vc_column_text][vc_row_inner][vc_column_inner width=&#8221;1\/6&#8243;][\/vc_column_inner][vc_column_inner width=&#8221;2\/3&#8243;][mk_contact_form email=&#8221;escritoseditos@escritoseditos.pt&#8221;][\/vc_column_inner][vc_column_inner width=&#8221;1\/6&#8243;][\/vc_column_inner][\/vc_row_inner][mk_padding_divider size=&#8221;140&#8243;][\/vc_column][\/vc_row]\n<\/div>","protected":false},"excerpt":{"rendered":"<p>[mk_page_section bg_image=&#8221;http:\/\/www.escritoseditos.pt\/de\/wp-content\/uploads\/2020\/10\/contact-header_2020.jpg&#8221; attachment=&#8221;fixed&#8221; bg_position=&#8221;center center&#8221; bg_repeat=&#8221;no-repeat&#8221; bg_stretch=&#8221;true&#8221; enable_3d=&#8221;true&#8221; speed_factor=&#8221;0.5&#8243; video_color_mask=&#8221;#000000&#8243; min_height=&#8221;50&#8243; full_height=&#8221;true&#8221; padding_top=&#8221;0&#8243; padding_bottom=&#8221;0&#8243; sidebar=&#8221;sidebar-1&#8243; first_page=&#8221;false&#8221; last_page=&#8221;false&#8221;][vc_column][mk_fancy_title tag_name=&#8221;h3&#8243; color=&#8221;#ffffff&#8221; size=&#8221;55&#8243; font_weight=&#8221;900&#8243; txt_transform=&#8221;uppercase&#8221; margin_bottom=&#8221;90&#8243; font_family=&#8221;none&#8221; align=&#8221;center&#8221;]BEI BEDARF AN \u00dcBERSETZUNGEN, WENDEN SIE SICH BITTE AN UNS![\/mk_fancy_title][vc_row_inner attached=&#8221;true&#8221; padding=&#8221;0&#8243;][vc_column_inner width=&#8221;1\/6&#8243;][\/vc_column_inner][vc_column_inner el_class=&#8221;cmk-center-all&#8221; width=&#8221;2\/3&#8243;][mk_button dimension=&#8221;outline&#8221; corner_style=&#8221;rounded&#8221; size=&#8221;large&#8221; icon=&#8221;mk-li-pinmap&#8221; url=&#8221;#address&#8221; align=&#8221;none&#8221; margin_bottom=&#8221;20&#8243; outline_skin=&#8221;light&#8221;]ADRESSE[\/mk_button][mk_button dimension=&#8221;outline&#8221; corner_style=&#8221;rounded&#8221; size=&#8221;large&#8221; icon=&#8221;mk-li-map&#8221; url=&#8221;#map&#8221; align=&#8221;none&#8221; margin_bottom=&#8221;20&#8243; outline_skin=&#8221;light&#8221;]WEGBESCHREIBUNG[\/mk_button][mk_button [&hellip;]<\/p>\n","protected":false},"author":1,"featured_media":0,"parent":0,"menu_order":0,"comment_status":"closed","ping_status":"closed","template":"","meta":{"rs_blank_template":"","rs_page_bg_color":"#ffffff","slide_template_v7":"","footnotes":""},"class_list":["post-5871","page","type-page","status-publish","hentry"],"_links":{"self":[{"href":"http:\/\/www.escritoseditos.pt\/de\/wp-json\/wp\/v2\/pages\/5871","targetHints":{"allow":["GET"]}}],"collection":[{"href":"http:\/\/www.escritoseditos.pt\/de\/wp-json\/wp\/v2\/pages"}],"about":[{"href":"http:\/\/www.escritoseditos.pt\/de\/wp-json\/wp\/v2\/types\/page"}],"author":[{"embeddable":true,"href":"http:\/\/www.escritoseditos.pt\/de\/wp-json\/wp\/v2\/users\/1"}],"replies":[{"embeddable":true,"href":"http:\/\/www.escritoseditos.pt\/de\/wp-json\/wp\/v2\/comments?post=5871"}],"version-history":[{"count":86,"href":"http:\/\/www.escritoseditos.pt\/de\/wp-json\/wp\/v2\/pages\/5871\/revisions"}],"predecessor-version":[{"id":7124,"href":"http:\/\/www.escritoseditos.pt\/de\/wp-json\/wp\/v2\/pages\/5871\/revisions\/7124"}],"wp:attachment":[{"href":"http:\/\/www.escritoseditos.pt\/de\/wp-json\/wp\/v2\/media?parent=5871"}],"curies":[{"name":"wp","href":"https:\/\/api.w.org\/{rel}","templated":true}]}}